{"id":140,"date":"2024-04-05T14:41:49","date_gmt":"2024-04-05T13:41:49","guid":{"rendered":"https:\/\/crastories.ca\/?page_id=140"},"modified":"2024-04-18T13:20:34","modified_gmt":"2024-04-18T12:20:34","slug":"your-story","status":"publish","type":"page","link":"https:\/\/crastories.ca\/fr\/your-story\/","title":{"rendered":"Votre histoire"},"content":{"rendered":"\n<p>When you tell us your story, you can rest assured that your privacy is of the utmost importance to us. We won&#8217;t publish or share your information or your story without your express written and signed consent. We&#8217;re a community built by regular Canadians FOR regular Canadians. We can also help you find legal or accounting representation regardless of your economic status. <\/p>\n\n\n\n<p>We believe the CRA is being run by a bunch of thugs and politicians who say they are on the side of the Canadian people fighting for tax fairness but act in a way that enables the CRA to destroy people&#8217;s lives through unlimited power and collection powers. It&#8217;s unfair, and it&#8217;s time for some balance in the system.<\/p>\n\n\n\n<p>If you decide to share your story, then thank you. If you decide not to, then know that our community is still here if you ever need us.<\/p>\n\n\n<div class=\"wpforms-container wpforms-container-full wpforms-block wpforms-block-351399c1-8a32-4078-8c16-4dd85a750d9e wpforms-render-modern\" id=\"wpforms-142\"><form id=\"wpforms-form-142\" class=\"wpforms-validate wpforms-form wpforms-ajax-form\" data-formid=\"142\" method=\"post\" enctype=\"multipart\/form-data\" action=\"\/fr\/wp-json\/wp\/v2\/pages\/140?wpforms_form_id=142\" data-token=\"9a3d16c27cfd44daa4884d772c922818\" data-token-time=\"1775398294\"><noscript class=\"wpforms-error-noscript\">Please enable JavaScript in your browser to complete this form.<\/noscript><div class=\"wpforms-hidden\" id=\"wpforms-error-noscript\">Please enable JavaScript in your browser to complete this form.<\/div><div class=\"wpforms-field-container\"><div id=\"wpforms-142-field_1-container\" class=\"wpforms-field wpforms-field-text\" data-field-type=\"text\" data-field-id=\"1\"><label class=\"wpforms-field-label\" for=\"wpforms-142-field_1\">How would you like to identify yourself?<\/label><input type=\"text\" id=\"wpforms-142-field_1\" class=\"wpforms-field-large\" name=\"wpforms[fields][1]\" aria-errormessage=\"wpforms-142-field_1-error\" aria-describedby=\"wpforms-142-field_1-description\" ><div id=\"wpforms-142-field_1-description\" class=\"wpforms-field-description\">Feel free to use a nickname.<\/div><\/div><div id=\"wpforms-142-field_3-container\" class=\"wpforms-field wpforms-field-date-time\" data-field-type=\"date-time\" data-field-id=\"3\"><label class=\"wpforms-field-label\" for=\"wpforms-142-field_3\">When did you first start having an issue with the Canada Revenue Agency?<\/label><div class=\"wpforms-datepicker-wrap\"><input type=\"text\" id=\"wpforms-142-field_3\" class=\"wpforms-field-date-time-date wpforms-datepicker wpforms-field-large\" data-date-format=\"m\/d\/Y\" data-disable-past-dates=\"0\" data-input=\"true\" name=\"wpforms[fields][3][date]\" aria-errormessage=\"wpforms-142-field_3-error\" ><a title=\"Clear Date\" data-clear class=\"wpforms-datepicker-clear\" style=\"display:none;\"><\/a><\/div><\/div><div id=\"wpforms-142-field_2-container\" class=\"wpforms-field wpforms-field-textarea\" data-field-type=\"textarea\" data-field-id=\"2\"><label class=\"wpforms-field-label\" for=\"wpforms-142-field_2\">Tell Us Your Story<\/label><textarea id=\"wpforms-142-field_2\" class=\"wpforms-field-large\" name=\"wpforms[fields][2]\" aria-errormessage=\"wpforms-142-field_2-error\" ><\/textarea><\/div><div id=\"wpforms-142-field_5-container\" class=\"wpforms-field wpforms-field-email\" data-field-type=\"email\" data-field-id=\"5\"><fieldset><legend class=\"wpforms-field-label\">Your Email <span class=\"wpforms-required-label\" aria-hidden=\"true\">*<\/span><\/legend><div class=\"wpforms-field-row wpforms-field-large\"><div class=\"wpforms-field-row-block wpforms-one-half wpforms-first\"><input type=\"email\" id=\"wpforms-142-field_5\" class=\"wpforms-field-required wpforms-field-email-primary\" name=\"wpforms[fields][5][primary]\" spellcheck=\"false\" aria-errormessage=\"wpforms-142-field_5-error\" required><label for=\"wpforms-142-field_5\" class=\"wpforms-field-sublabel after\">Email<\/label><\/div><div class=\"wpforms-field-row-block wpforms-one-half\"><input type=\"email\" id=\"wpforms-142-field_5-secondary\" class=\"wpforms-field-email-secondary wpforms-field-required\" data-rule-confirm=\"#wpforms-142-field_5\" name=\"wpforms[fields][5][secondary]\" spellcheck=\"false\" aria-errormessage=\"wpforms-142-field_5-secondary-error\" required><label for=\"wpforms-142-field_5-secondary\" class=\"wpforms-field-sublabel after\">Confirm Email<\/label><\/div><\/div><\/fieldset><\/div><div id=\"wpforms-142-field_7-container\" class=\"wpforms-field wpforms-field-text\" data-field-type=\"text\" data-field-id=\"7\"><label class=\"wpforms-field-label\" for=\"wpforms-142-field_7\">Your X\/Twitter handle<\/label><input type=\"text\" id=\"wpforms-142-field_7\" class=\"wpforms-field-large\" name=\"wpforms[fields][7]\" aria-errormessage=\"wpforms-142-field_7-error\" aria-describedby=\"wpforms-142-field_7-description\" ><div id=\"wpforms-142-field_7-description\" class=\"wpforms-field-description\">If you want use to share or amplify your story, add your Twitter handle!<\/div><\/div><div id=\"wpforms-142-field_4-container\" class=\"wpforms-field wpforms-field-radio wpforms-list-inline\" data-field-type=\"radio\" data-field-id=\"4\"><fieldset><legend class=\"wpforms-field-label\">Can We Contact You Directly?<\/legend><ul id=\"wpforms-142-field_4\" class=\"wpforms-icon-choices wpforms-icon-choices-modern wpforms-icon-choices-large\" style=\"--wpforms-icon-choices-color: #000000;\"><li class=\"choice-1 depth-1 wpforms-icon-choices-item\"><label class=\"wpforms-field-label-inline\" for=\"wpforms-142-field_4_1\">\n\t\t\t\t<span class=\"wpforms-icon-choices-icon\">\n\t\t\t\t\t<svg xmlns=\"http:\/\/www.w3.org\/2000\/svg\" width=\"80\" height=\"64px\" viewBox=\"0 0 512 512\"><!--! Font Awesome Free 6.4.0 by @fontawesome - https:\/\/fontawesome.com License - https:\/\/fontawesome.com\/license\/free (Icons: CC BY 4.0, Fonts: SIL OFL 1.1, Code: MIT License) Copyright 2023 Fonticons, Inc. --><path d=\"M313.4 32.9c26 5.2 42.9 30.5 37.7 56.5l-2.3 11.4c-5.3 26.7-15.1 52.1-28.8 75.2H464c26.5 0 48 21.5 48 48c0 18.5-10.5 34.6-25.9 42.6C497 275.4 504 288.9 504 304c0 23.4-16.8 42.9-38.9 47.1c4.4 7.3 6.9 15.8 6.9 24.9c0 21.3-13.9 39.4-33.1 45.6c.7 3.3 1.1 6.8 1.1 10.4c0 26.5-21.5 48-48 48H294.5c-19 0-37.5-5.6-53.3-16.1l-38.5-25.7C176 420.4 160 390.4 160 358.3V320 272 247.1c0-29.2 13.3-56.7 36-75l7.4-5.9c26.5-21.2 44.6-51 51.2-84.2l2.3-11.4c5.2-26 30.5-42.9 56.5-37.7zM32 192H96c17.7 0 32 14.3 32 32V448c0 17.7-14.3 32-32 32H32c-17.7 0-32-14.3-32-32V224c0-17.7 14.3-32 32-32z\"\/><\/svg>\n\t\t\t\t\t<span class=\"wpforms-icon-choices-icon-bg\"><\/span>\n\t\t\t\t<\/span>\n\t\t\t\t<input type=\"radio\" id=\"wpforms-142-field_4_1\" class=\"wpforms-screen-reader-element\" name=\"wpforms[fields][4]\" value=\"Yes\" aria-errormessage=\"wpforms-142-field_4_1-error\"  >\n\t\t\t\t<span class=\"wpforms-icon-choices-label\">Yes<\/span>\n\t\t\t<\/label><\/li><li class=\"choice-2 depth-1 wpforms-icon-choices-item\"><label class=\"wpforms-field-label-inline\" for=\"wpforms-142-field_4_2\">\n\t\t\t\t<span class=\"wpforms-icon-choices-icon\">\n\t\t\t\t\t<svg xmlns=\"http:\/\/www.w3.org\/2000\/svg\" width=\"80\" height=\"64px\" viewBox=\"0 0 512 512\"><!--! Font Awesome Free 6.4.0 by @fontawesome - https:\/\/fontawesome.com License - https:\/\/fontawesome.com\/license\/free (Icons: CC BY 4.0, Fonts: SIL OFL 1.1, Code: MIT License) Copyright 2023 Fonticons, Inc. --><path d=\"M313.4 479.1c26-5.2 42.9-30.5 37.7-56.5l-2.3-11.4c-5.3-26.7-15.1-52.1-28.8-75.2H464c26.5 0 48-21.5 48-48c0-18.5-10.5-34.6-25.9-42.6C497 236.6 504 223.1 504 208c0-23.4-16.8-42.9-38.9-47.1c4.4-7.3 6.9-15.8 6.9-24.9c0-21.3-13.9-39.4-33.1-45.6c.7-3.3 1.1-6.8 1.1-10.4c0-26.5-21.5-48-48-48H294.5c-19 0-37.5 5.6-53.3 16.1L202.7 73.8C176 91.6 160 121.6 160 153.7V192v48 24.9c0 29.2 13.3 56.7 36 75l7.4 5.9c26.5 21.2 44.6 51 51.2 84.2l2.3 11.4c5.2 26 30.5 42.9 56.5 37.7zM32 384H96c17.7 0 32-14.3 32-32V128c0-17.7-14.3-32-32-32H32C14.3 96 0 110.3 0 128V352c0 17.7 14.3 32 32 32z\"\/><\/svg>\n\t\t\t\t\t<span class=\"wpforms-icon-choices-icon-bg\"><\/span>\n\t\t\t\t<\/span>\n\t\t\t\t<input type=\"radio\" id=\"wpforms-142-field_4_2\" class=\"wpforms-screen-reader-element\" name=\"wpforms[fields][4]\" value=\"No, Thanks\" aria-errormessage=\"wpforms-142-field_4_2-error\"  >\n\t\t\t\t<span class=\"wpforms-icon-choices-label\">No, Thanks<\/span>\n\t\t\t<\/label><\/li><\/ul><\/fieldset><\/div><div id=\"wpforms-142-field_6-container\" class=\"wpforms-field wpforms-field-file-upload\" data-field-type=\"file-upload\" data-field-id=\"6\"><label class=\"wpforms-field-label\" for=\"wpforms-142-field_6\">If it&#039;s easier feel free to upload your story.<\/label><div\n\t\tclass=\"wpforms-uploader\"\n\t\tdata-field-id=\"6\"\n\t\tdata-form-id=\"142\"\n\t\tdata-input-name=\"wpforms_142_6\"\n\t\tdata-extensions=\"doc,docx,pdf\"\n\t\tdata-max-size=\"2147483648\"\n\t\tdata-max-file-number=\"4\"\n\t\tdata-post-max-size=\"2147483648\"\n\t\tdata-max-parallel-uploads=\"4\"\n\t\tdata-parallel-uploads=\"true\"\n\t\tdata-file-chunk-size=\"2097152\">\n\t<div class=\"dz-message\">\n\t\t<svg viewBox=\"0 0 1024 1024\" focusable=\"false\" data-icon=\"inbox\" width=\"50px\" height=\"50px\" fill=\"currentColor\" aria-hidden=\"true\">\n\t\t\t<path d=\"M885.2 446.3l-.2-.8-112.2-285.1c-5-16.1-19.9-27.2-36.8-27.2H281.2c-17 0-32.1 11.3-36.9 27.6L139.4 443l-.3.7-.2.8c-1.3 4.9-1.7 9.9-1 14.8-.1 1.6-.2 3.2-.2 4.8V830a60.9 60.9 0 0 0 60.8 60.8h627.2c33.5 0 60.8-27.3 60.9-60.8V464.1c0-1.3 0-2.6-.1-3.7.4-4.9 0-9.6-1.3-14.1zm-295.8-43l-.3 15.7c-.8 44.9-31.8 75.1-77.1 75.1-22.1 0-41.1-7.1-54.8-20.6S436 441.2 435.6 419l-.3-15.7H229.5L309 210h399.2l81.7 193.3H589.4zm-375 76.8h157.3c24.3 57.1 76 90.8 140.4 90.8 33.7 0 65-9.4 90.3-27.2 22.2-15.6 39.5-37.4 50.7-63.6h156.5V814H214.4V480.1z\"><\/path>\n\t\t<\/svg>\n\t\t<span class=\"modern-title\">Click or drag files to this area to upload.<\/span>\n\n\t\t\t\t\t<span class=\"modern-hint\">You can upload up to 4 files.<\/span>\n\t\t\t<\/div>\n<\/div>\n<input\n\t\ttype=\"text\"\n\t\tautocomplete=\"off\"\n\t\treadonly\n\t\tclass=\"dropzone-input\"\n\t\tstyle=\"position:absolute!important;clip:rect(0,0,0,0)!important;height:1px!important;width:1px!important;border:0!important;overflow:hidden!important;padding:0!important;margin:0!important;\"\n\t\tid=\"wpforms-142-field_6\"\n\t\tname=\"wpforms_142_6\" \t\tvalue=\"\">\n<div id=\"wpforms-142-field_6-description\" class=\"wpforms-field-description\">Word, PDF<\/div><\/div><\/div><!-- .wpforms-field-container --><div class=\"wpforms-submit-container\" ><input type=\"hidden\" name=\"wpforms[id]\" value=\"142\"><input type=\"hidden\" name=\"page_title\" value=\"\"><input type=\"hidden\" name=\"page_url\" value=\"https:\/\/crastories.ca\/fr\/wp-json\/wp\/v2\/pages\/140\"><input type=\"hidden\" name=\"url_referer\" value=\"\"><button type=\"submit\" name=\"wpforms[submit]\" id=\"wpforms-submit-142\" class=\"wpforms-submit\" data-alt-text=\"Sending...\" data-submit-text=\"Send Us Your Story\" aria-live=\"assertive\" value=\"wpforms-submit\">Send Us Your Story<\/button><img loading=\"lazy\" decoding=\"async\" src=\"https:\/\/crastories.ca\/wp-content\/plugins\/wpforms\/assets\/images\/submit-spin.svg\" class=\"wpforms-submit-spinner\" style=\"display: none;\" width=\"26\" height=\"26\" alt=\"Loading\"><\/div><\/form><\/div>  <!-- .wpforms-container -->","protected":false},"excerpt":{"rendered":"<p>Lorsque vous nous racontez votre histoire, vous pouvez \u00eatre assur\u00e9 que votre vie priv\u00e9e est de la plus haute importance pour nous. Nous ne publierons ni ne partagerons vos informations ou votre histoire sans votre consentement \u00e9crit et sign\u00e9. Nous sommes une communaut\u00e9 cr\u00e9\u00e9e par des Canadiens ordinaires pour des Canadiens ordinaires. Nous pouvons \u00e9galement vous aider \u00e0 trouver une aide juridique ou...<\/p>","protected":false},"author":1,"featured_media":0,"parent":0,"menu_order":0,"comment_status":"closed","ping_status":"closed","template":"","meta":{"om_disable_all_campaigns":false,"_kad_blocks_custom_css":"","_kad_blocks_head_custom_js":"","_kad_blocks_body_custom_js":"","_kad_blocks_footer_custom_js":"","_monsterinsights_skip_tracking":false,"_monsterinsights_sitenote_active":false,"_monsterinsights_sitenote_note":"","_monsterinsights_sitenote_category":0,"_uf_show_specific_survey":0,"_uf_disable_surveys":false,"_kadence_starter_templates_imported_post":false,"_kad_post_transparent":"","_kad_post_title":"","_kad_post_layout":"","_kad_post_sidebar_id":"","_kad_post_content_style":"","_kad_post_vertical_padding":"","_kad_post_feature":"","_kad_post_feature_position":"","_kad_post_header":false,"_kad_post_footer":false,"_kad_post_classname":"","footnotes":""},"class_list":["post-140","page","type-page","status-publish","hentry"],"aioseo_notices":[],"taxonomy_info":[],"featured_image_src_large":false,"author_info":{"display_name":"crastories.ca","author_link":"https:\/\/crastories.ca\/fr\/author\/crastories-ca\/"},"comment_info":0,"aioseo_head":"\n\t\t<!-- All in One SEO Pro 4.9.5.2 - aioseo.com -->\n\t<meta name=\"description\" content=\"When you tell us your story, you can rest assured that your privacy is of the utmost importance to us. We won&#039;t publish or share your information or your story without your express written and signed consent. We&#039;re a community built by regular Canadians FOR regular Canadians. We can also help you find legal or\" \/>\n\t<meta name=\"robots\" content=\"max-image-preview:large\" \/>\n\t<link rel=\"canonical\" href=\"https:\/\/crastories.ca\/fr\/your-story\/\" \/>\n\t<meta name=\"generator\" content=\"All in One SEO Pro (AIOSEO) 4.9.5.2\" \/>\n\t\t<meta property=\"og:locale\" content=\"fr_CA\" \/>\n\t\t<meta property=\"og:site_name\" content=\"Canada Revenue Agency - Stories of Bullying and Harrassment -\" \/>\n\t\t<meta property=\"og:type\" content=\"article\" \/>\n\t\t<meta property=\"og:title\" content=\"Tell Us Your CRA Story with CRA Collections \ud83d\ude21\" \/>\n\t\t<meta property=\"og:description\" content=\"When you tell us your story, you can rest assured that your privacy is of the utmost importance to us. We won&#039;t publish or share your information or your story without your express written and signed consent. We&#039;re a community built by regular Canadians FOR regular Canadians. We can also help you find legal or\" \/>\n\t\t<meta property=\"og:url\" content=\"https:\/\/crastories.ca\/fr\/your-story\/\" \/>\n\t\t<meta property=\"og:image\" content=\"https:\/\/crastories.ca\/wp-content\/uploads\/2023\/12\/cropped-CRA-Stories-logo-1.png\" \/>\n\t\t<meta property=\"og:image:secure_url\" content=\"https:\/\/crastories.ca\/wp-content\/uploads\/2023\/12\/cropped-CRA-Stories-logo-1.png\" \/>\n\t\t<meta property=\"article:published_time\" content=\"2024-04-05T13:41:49+00:00\" \/>\n\t\t<meta property=\"article:modified_time\" content=\"2024-04-18T12:20:34+00:00\" \/>\n\t\t<meta name=\"twitter:card\" content=\"summary_large_image\" \/>\n\t\t<meta name=\"twitter:title\" content=\"Tell Us Your CRA Story with CRA Collections \ud83d\ude21\" \/>\n\t\t<meta name=\"twitter:description\" content=\"When you tell us your story, you can rest assured that your privacy is of the utmost importance to us. We won&#039;t publish or share your information or your story without your express written and signed consent. We&#039;re a community built by regular Canadians FOR regular Canadians. We can also help you find legal or\" \/>\n\t\t<meta name=\"twitter:image\" content=\"https:\/\/crastories.ca\/wp-content\/uploads\/2024\/04\/CRA-Stories-Open-Graph-Twitter-Post.png\" \/>\n\t\t<script type=\"application\/ld+json\" class=\"aioseo-schema\">\n\t\t\t{\"@context\":\"https:\\\/\\\/schema.org\",\"@graph\":[{\"@type\":\"BreadcrumbList\",\"@id\":\"https:\\\/\\\/crastories.ca\\\/fr\\\/your-story\\\/#breadcrumblist\",\"itemListElement\":[{\"@type\":\"ListItem\",\"@id\":\"https:\\\/\\\/crastories.ca\\\/fr#listItem\",\"position\":1,\"name\":\"Home\",\"item\":\"https:\\\/\\\/crastories.ca\\\/fr\",\"nextItem\":{\"@type\":\"ListItem\",\"@id\":\"https:\\\/\\\/crastories.ca\\\/fr\\\/your-story\\\/#listItem\",\"name\":\"Your Story\"}},{\"@type\":\"ListItem\",\"@id\":\"https:\\\/\\\/crastories.ca\\\/fr\\\/your-story\\\/#listItem\",\"position\":2,\"name\":\"Your Story\",\"previousItem\":{\"@type\":\"ListItem\",\"@id\":\"https:\\\/\\\/crastories.ca\\\/fr#listItem\",\"name\":\"Home\"}}]},{\"@type\":\"Organization\",\"@id\":\"https:\\\/\\\/crastories.ca\\\/fr\\\/#organization\",\"name\":\"crastories.ca\",\"url\":\"https:\\\/\\\/crastories.ca\\\/fr\\\/\",\"logo\":{\"@type\":\"ImageObject\",\"url\":\"https:\\\/\\\/crastories.ca\\\/wp-content\\\/uploads\\\/2023\\\/12\\\/cropped-CRA-Stories-logo-1.png\",\"@id\":\"https:\\\/\\\/crastories.ca\\\/fr\\\/your-story\\\/#organizationLogo\",\"width\":576,\"height\":56,\"caption\":\"CRA Stories Is the CRA bullying you?\"},\"image\":{\"@id\":\"https:\\\/\\\/crastories.ca\\\/fr\\\/your-story\\\/#organizationLogo\"}},{\"@type\":\"WebPage\",\"@id\":\"https:\\\/\\\/crastories.ca\\\/fr\\\/your-story\\\/#webpage\",\"url\":\"https:\\\/\\\/crastories.ca\\\/fr\\\/your-story\\\/\",\"name\":\"Tell Us Your CRA Story with CRA Collections \\ud83d\\ude21\",\"description\":\"When you tell us your story, you can rest assured that your privacy is of the utmost importance to us. We won't publish or share your information or your story without your express written and signed consent. We're a community built by regular Canadians FOR regular Canadians. We can also help you find legal or\",\"inLanguage\":\"fr-CA\",\"isPartOf\":{\"@id\":\"https:\\\/\\\/crastories.ca\\\/fr\\\/#website\"},\"breadcrumb\":{\"@id\":\"https:\\\/\\\/crastories.ca\\\/fr\\\/your-story\\\/#breadcrumblist\"},\"datePublished\":\"2024-04-05T14:41:49+01:00\",\"dateModified\":\"2024-04-18T13:20:34+01:00\"},{\"@type\":\"WebSite\",\"@id\":\"https:\\\/\\\/crastories.ca\\\/fr\\\/#website\",\"url\":\"https:\\\/\\\/crastories.ca\\\/fr\\\/\",\"name\":\"crastories.ca\",\"inLanguage\":\"fr-CA\",\"publisher\":{\"@id\":\"https:\\\/\\\/crastories.ca\\\/fr\\\/#organization\"}}]}\n\t\t<\/script>\n\t\t<!-- All in One SEO Pro -->\r\n\t\t<title>Tell Us Your CRA Story with CRA Collections \ud83d\ude21<\/title>\n\n","aioseo_head_json":{"title":"Racontez-nous votre histoire avec CRA Collections \ud83d\ude21","description":"Lorsque vous nous racontez votre histoire, vous pouvez \u00eatre assur\u00e9 que votre vie priv\u00e9e est de la plus haute importance pour nous. Nous ne publierons ni ne partagerons vos informations ou votre histoire sans votre consentement \u00e9crit et sign\u00e9. Nous sommes une communaut\u00e9 cr\u00e9\u00e9e par des Canadiens ordinaires pour des Canadiens ordinaires. Nous pouvons \u00e9galement vous aider \u00e0 trouver un avocat ou un conseiller juridique.","canonical_url":"https:\/\/crastories.ca\/fr\/your-story\/","robots":"max-image-preview:large","keywords":"","webmasterTools":{"miscellaneous":""},"schema":{"@context":"https:\/\/schema.org","@graph":[{"@type":"BreadcrumbList","@id":"https:\/\/crastories.ca\/fr\/your-story\/#breadcrumblist","itemListElement":[{"@type":"ListItem","@id":"https:\/\/crastories.ca\/fr#listItem","position":1,"name":"Home","item":"https:\/\/crastories.ca\/fr","nextItem":{"@type":"ListItem","@id":"https:\/\/crastories.ca\/fr\/your-story\/#listItem","name":"Your Story"}},{"@type":"ListItem","@id":"https:\/\/crastories.ca\/fr\/your-story\/#listItem","position":2,"name":"Your Story","previousItem":{"@type":"ListItem","@id":"https:\/\/crastories.ca\/fr#listItem","name":"Home"}}]},{"@type":"Organization","@id":"https:\/\/crastories.ca\/fr\/#organization","name":"crastories.ca","url":"https:\/\/crastories.ca\/fr\/","logo":{"@type":"ImageObject","url":"https:\/\/crastories.ca\/wp-content\/uploads\/2023\/12\/cropped-CRA-Stories-logo-1.png","@id":"https:\/\/crastories.ca\/fr\/your-story\/#organizationLogo","width":576,"height":56,"caption":"CRA Stories Is the CRA bullying you?"},"image":{"@id":"https:\/\/crastories.ca\/fr\/your-story\/#organizationLogo"}},{"@type":"WebPage","@id":"https:\/\/crastories.ca\/fr\/your-story\/#webpage","url":"https:\/\/crastories.ca\/fr\/your-story\/","name":"Tell Us Your CRA Story with CRA Collections \ud83d\ude21","description":"When you tell us your story, you can rest assured that your privacy is of the utmost importance to us. We won't publish or share your information or your story without your express written and signed consent. We're a community built by regular Canadians FOR regular Canadians. We can also help you find legal or","inLanguage":"fr-CA","isPartOf":{"@id":"https:\/\/crastories.ca\/fr\/#website"},"breadcrumb":{"@id":"https:\/\/crastories.ca\/fr\/your-story\/#breadcrumblist"},"datePublished":"2024-04-05T14:41:49+01:00","dateModified":"2024-04-18T13:20:34+01:00"},{"@type":"WebSite","@id":"https:\/\/crastories.ca\/fr\/#website","url":"https:\/\/crastories.ca\/fr\/","name":"crastories.ca","inLanguage":"fr-CA","publisher":{"@id":"https:\/\/crastories.ca\/fr\/#organization"}}]},"og:locale":"fr_CA","og:site_name":"Canada Revenue Agency - Stories of Bullying and Harrassment -","og:type":"article","og:title":"Tell Us Your CRA Story with CRA Collections \ud83d\ude21","og:description":"When you tell us your story, you can rest assured that your privacy is of the utmost importance to us. We won't publish or share your information or your story without your express written and signed consent. We're a community built by regular Canadians FOR regular Canadians. We can also help you find legal or","og:url":"https:\/\/crastories.ca\/fr\/your-story\/","og:image":"https:\/\/crastories.ca\/wp-content\/uploads\/2023\/12\/cropped-CRA-Stories-logo-1.png","og:image:secure_url":"https:\/\/crastories.ca\/wp-content\/uploads\/2023\/12\/cropped-CRA-Stories-logo-1.png","article:published_time":"2024-04-05T13:41:49+00:00","article:modified_time":"2024-04-18T12:20:34+00:00","twitter:card":"summary_large_image","twitter:title":"Tell Us Your CRA Story with CRA Collections \ud83d\ude21","twitter:description":"When you tell us your story, you can rest assured that your privacy is of the utmost importance to us. We won't publish or share your information or your story without your express written and signed consent. We're a community built by regular Canadians FOR regular Canadians. We can also help you find legal or","twitter:image":"https:\/\/crastories.ca\/wp-content\/uploads\/2024\/04\/CRA-Stories-Open-Graph-Twitter-Post.png"},"aioseo_meta_data":{"post_id":"140","title":"Racontez-nous votre histoire avec CRA Collections \ud83d\ude21","description":null,"keywords":null,"keyphrases":{"focus":{"keyphrase":"cra collections","score":50,"analysis":{"keyphraseInTitle":{"score":9,"maxScore":9,"error":0},"keyphraseInDescription":{"score":3,"maxScore":9,"error":1},"keyphraseLength":{"score":9,"maxScore":9,"error":0,"length":2},"keyphraseInURL":{"score":1,"maxScore":5,"error":1},"keyphraseInIntroduction":{"score":3,"maxScore":9,"error":1},"keyphraseInSubHeadings":[],"keyphraseInImageAlt":[],"keywordDensity":{"score":0,"type":"low","maxScore":9,"error":1}}},"additional":[]},"primary_term":null,"canonical_url":null,"og_title":null,"og_description":null,"og_object_type":"default","og_image_type":"default","og_image_url":null,"og_image_width":null,"og_image_height":null,"og_image_custom_url":null,"og_image_custom_fields":null,"og_video":"","og_custom_url":null,"og_article_section":null,"og_article_tags":null,"twitter_use_og":false,"twitter_card":"default","twitter_image_type":"custom_image","twitter_image_url":"http:\/\/crastories.ca\/wp-content\/uploads\/2024\/04\/CRA-Stories-Open-Graph-Twitter-Post.png","twitter_image_custom_url":"http:\/\/crastories.ca\/wp-content\/uploads\/2024\/04\/CRA-Stories-Open-Graph-Twitter-Post.png","twitter_image_custom_fields":null,"twitter_title":null,"twitter_description":null,"schema":{"blockGraphs":[],"customGraphs":[],"default":{"data":{"Article":[],"Course":[],"Dataset":[],"FAQPage":[],"Movie":[],"Person":[],"Product":[],"ProductReview":[],"Car":[],"Recipe":[],"Service":[],"SoftwareApplication":[],"WebPage":[]},"graphName":"WebPage","isEnabled":true},"graphs":[]},"schema_type":"default","schema_type_options":null,"pillar_content":false,"robots_default":true,"robots_noindex":false,"robots_noarchive":false,"robots_nosnippet":false,"robots_nofollow":false,"robots_noimageindex":false,"robots_noodp":false,"robots_notranslate":false,"robots_max_snippet":"-1","robots_max_videopreview":"-1","robots_max_imagepreview":"large","priority":null,"frequency":"default","local_seo":null,"seo_analyzer_scan_date":"2025-08-14 14:12:58","breadcrumb_settings":null,"limit_modified_date":false,"open_ai":"{\"title\":{\"suggestions\":[],\"usage\":0},\"description\":{\"suggestions\":[],\"usage\":0}}","ai":null,"created":"2024-04-05 13:41:32","updated":"2025-10-22 02:14:01"},"aioseo_breadcrumb":"<div class=\"aioseo-breadcrumbs\"><span class=\"aioseo-breadcrumb\">\n\t<a href=\"https:\/\/crastories.ca\/fr\" title=\"Home\">Home<\/a>\n<\/span><span class=\"aioseo-breadcrumb-separator\">&raquo;<\/span><span class=\"aioseo-breadcrumb\">\n\tYour Story\n<\/span><\/div>","aioseo_breadcrumb_json":[{"label":"Home","link":"https:\/\/crastories.ca\/fr"},{"label":"Your Story","link":"https:\/\/crastories.ca\/fr\/your-story\/"}],"_links":{"self":[{"href":"https:\/\/crastories.ca\/fr\/wp-json\/wp\/v2\/pages\/140","targetHints":{"allow":["GET"]}}],"collection":[{"href":"https:\/\/crastories.ca\/fr\/wp-json\/wp\/v2\/pages"}],"about":[{"href":"https:\/\/crastories.ca\/fr\/wp-json\/wp\/v2\/types\/page"}],"author":[{"embeddable":true,"href":"https:\/\/crastories.ca\/fr\/wp-json\/wp\/v2\/users\/1"}],"replies":[{"embeddable":true,"href":"https:\/\/crastories.ca\/fr\/wp-json\/wp\/v2\/comments?post=140"}],"version-history":[{"count":4,"href":"https:\/\/crastories.ca\/fr\/wp-json\/wp\/v2\/pages\/140\/revisions"}],"predecessor-version":[{"id":167,"href":"https:\/\/crastories.ca\/fr\/wp-json\/wp\/v2\/pages\/140\/revisions\/167"}],"wp:attachment":[{"href":"https:\/\/crastories.ca\/fr\/wp-json\/wp\/v2\/media?parent=140"}],"curies":[{"name":"wp","href":"https:\/\/api.w.org\/{rel}","templated":true}]}}