{"id":10,"date":"2023-11-26T13:34:47","date_gmt":"2023-11-26T13:34:47","guid":{"rendered":"http:\/\/crastories.ca\/?page_id=10"},"modified":"2023-11-26T13:34:47","modified_gmt":"2023-11-26T13:34:47","slug":"cart","status":"publish","type":"page","link":"https:\/\/crastories.ca\/fr\/cart\/","title":{"rendered":"Chariot"},"content":{"rendered":"<div class=\"wp-block-woocommerce-cart alignwide is-loading\">\n<div class=\"wp-block-woocommerce-filled-cart-block\">\n<div class=\"wp-block-woocommerce-cart-items-block\">\n<div class=\"wp-block-woocommerce-cart-line-items-block\"><\/div>\n\n\n\n<div class=\"wp-block-woocommerce-cart-cross-sells-block\">\n<h2 class=\"wp-block-heading has-large-font-size\">Vous etes peut etre int\u00e9ress\u00e9\u2026<\/h2>\n\n\n\n<div class=\"wp-block-woocommerce-cart-cross-sells-products-block\"><\/div>\n<\/div>\n<\/div>\n\n\n\n<div class=\"wp-block-woocommerce-cart-totals-block\">\n<div class=\"wp-block-woocommerce-cart-order-summary-block\">\n<div class=\"wp-block-woocommerce-cart-order-summary-heading-block\"><\/div>\n\n\n\n<div class=\"wp-block-woocommerce-cart-order-summary-coupon-form-block\"><\/div>\n\n\n\n<div class=\"wp-block-woocommerce-cart-order-summary-subtotal-block\"><\/div>\n\n\n\n<div class=\"wp-block-woocommerce-cart-order-summary-fee-block\"><\/div>\n\n\n\n<div class=\"wp-block-woocommerce-cart-order-summary-discount-block\"><\/div>\n\n\n\n<div class=\"wp-block-woocommerce-cart-order-summary-shipping-block\"><\/div>\n\n\n\n<div class=\"wp-block-woocommerce-cart-order-summary-taxes-block\"><\/div>\n<\/div>\n\n\n\n<div class=\"wp-block-woocommerce-cart-express-payment-block\"><\/div>\n\n\n\n<div class=\"wp-block-woocommerce-proceed-to-checkout-block\"><\/div>\n\n\n\n<div class=\"wp-block-woocommerce-cart-accepted-payment-methods-block\"><\/div>\n<\/div>\n<\/div>\n\n\n\n<div class=\"wp-block-woocommerce-empty-cart-block\">\n<h2 class=\"wp-block-heading has-text-align-center with-empty-cart-icon wc-block-cart__empty-cart__title\">Votre carte est actuellement vide!<\/h2>\n\n\n\n<hr class=\"wp-block-separator has-alpha-channel-opacity is-style-dots\"\/>\n\n\n\n<h2 class=\"wp-block-heading has-text-align-center\">Nouveau en magasin<\/h2>\n\n\n<\/div>\n<\/div>","protected":false},"excerpt":{"rendered":"","protected":false},"author":1,"featured_media":0,"parent":0,"menu_order":0,"comment_status":"closed","ping_status":"closed","template":"","meta":{"om_disable_all_campaigns":false,"_kad_blocks_custom_css":"","_kad_blocks_head_custom_js":"","_kad_blocks_body_custom_js":"","_kad_blocks_footer_custom_js":"","_monsterinsights_skip_tracking":false,"_monsterinsights_sitenote_active":false,"_monsterinsights_sitenote_note":"","_monsterinsights_sitenote_category":0,"_uf_show_specific_survey":0,"_uf_disable_surveys":false,"_kadence_starter_templates_imported_post":false,"_kad_post_transparent":"","_kad_post_title":"","_kad_post_layout":"","_kad_post_sidebar_id":"","_kad_post_content_style":"","_kad_post_vertical_padding":"","_kad_post_feature":"","_kad_post_feature_position":"","_kad_post_header":false,"_kad_post_footer":false,"_kad_post_classname":"","footnotes":""},"class_list":["post-10","page","type-page","status-publish","hentry"],"aioseo_notices":[],"taxonomy_info":[],"featured_image_src_large":false,"author_info":{"display_name":"crastories.ca","author_link":"https:\/\/crastories.ca\/fr\/author\/crastories-ca\/"},"comment_info":0,"aioseo_head":"\n\t\t<!-- All in One SEO Pro 4.9.5.2 - aioseo.com -->\n\t<meta name=\"description\" content=\"You may be interested in\u2026 Your cart is currently empty! New in store\" \/>\n\t<meta name=\"robots\" content=\"noindex, max-image-preview:large\" \/>\n\t<link rel=\"canonical\" href=\"https:\/\/crastories.ca\/fr\/cart\/\" \/>\n\t<meta name=\"generator\" content=\"All in One SEO Pro (AIOSEO) 4.9.5.2\" \/>\n\t\t<meta property=\"og:locale\" content=\"fr_CA\" \/>\n\t\t<meta property=\"og:site_name\" content=\"Canada Revenue Agency - Stories of Bullying and Harrassment -\" \/>\n\t\t<meta property=\"og:type\" content=\"article\" \/>\n\t\t<meta property=\"og:title\" content=\"Cart - Canada Revenue Agency - Stories of Bullying and Harrassment\" \/>\n\t\t<meta property=\"og:description\" content=\"You may be interested in\u2026 Your cart is currently empty! New in store\" \/>\n\t\t<meta property=\"og:url\" content=\"https:\/\/crastories.ca\/fr\/cart\/\" \/>\n\t\t<meta property=\"og:image\" content=\"https:\/\/crastories.ca\/wp-content\/uploads\/2023\/12\/cropped-CRA-Stories-logo-1.png\" \/>\n\t\t<meta property=\"og:image:secure_url\" content=\"https:\/\/crastories.ca\/wp-content\/uploads\/2023\/12\/cropped-CRA-Stories-logo-1.png\" \/>\n\t\t<meta property=\"article:published_time\" content=\"2023-11-26T13:34:47+00:00\" \/>\n\t\t<meta property=\"article:modified_time\" content=\"2023-11-26T13:34:47+00:00\" \/>\n\t\t<meta name=\"twitter:card\" content=\"summary_large_image\" \/>\n\t\t<meta name=\"twitter:title\" content=\"Cart - Canada Revenue Agency - Stories of Bullying and Harrassment\" \/>\n\t\t<meta name=\"twitter:description\" content=\"You may be interested in\u2026 Your cart is currently empty! New in store\" \/>\n\t\t<meta name=\"twitter:image\" content=\"https:\/\/crastories.ca\/wp-content\/uploads\/2023\/12\/cropped-CRA-Stories-logo-1.png\" \/>\n\t\t<script type=\"application\/ld+json\" class=\"aioseo-schema\">\n\t\t\t{\"@context\":\"https:\\\/\\\/schema.org\",\"@graph\":[{\"@type\":\"BreadcrumbList\",\"@id\":\"https:\\\/\\\/crastories.ca\\\/fr\\\/cart\\\/#breadcrumblist\",\"itemListElement\":[{\"@type\":\"ListItem\",\"@id\":\"https:\\\/\\\/crastories.ca\\\/fr#listItem\",\"position\":1,\"name\":\"Home\",\"item\":\"https:\\\/\\\/crastories.ca\\\/fr\",\"nextItem\":{\"@type\":\"ListItem\",\"@id\":\"https:\\\/\\\/crastories.ca\\\/fr\\\/cart\\\/#listItem\",\"name\":\"Cart\"}},{\"@type\":\"ListItem\",\"@id\":\"https:\\\/\\\/crastories.ca\\\/fr\\\/cart\\\/#listItem\",\"position\":2,\"name\":\"Cart\",\"previousItem\":{\"@type\":\"ListItem\",\"@id\":\"https:\\\/\\\/crastories.ca\\\/fr#listItem\",\"name\":\"Home\"}}]},{\"@type\":\"Organization\",\"@id\":\"https:\\\/\\\/crastories.ca\\\/fr\\\/#organization\",\"name\":\"crastories.ca\",\"url\":\"https:\\\/\\\/crastories.ca\\\/fr\\\/\",\"logo\":{\"@type\":\"ImageObject\",\"url\":\"https:\\\/\\\/crastories.ca\\\/wp-content\\\/uploads\\\/2023\\\/12\\\/cropped-CRA-Stories-logo-1.png\",\"@id\":\"https:\\\/\\\/crastories.ca\\\/fr\\\/cart\\\/#organizationLogo\",\"width\":576,\"height\":56,\"caption\":\"CRA Stories Is the CRA bullying you?\"},\"image\":{\"@id\":\"https:\\\/\\\/crastories.ca\\\/fr\\\/cart\\\/#organizationLogo\"}},{\"@type\":\"WebPage\",\"@id\":\"https:\\\/\\\/crastories.ca\\\/fr\\\/cart\\\/#webpage\",\"url\":\"https:\\\/\\\/crastories.ca\\\/fr\\\/cart\\\/\",\"name\":\"Cart - Canada Revenue Agency - Stories of Bullying and Harrassment\",\"description\":\"You may be interested in\\u2026 Your cart is currently empty! New in store\",\"inLanguage\":\"fr-CA\",\"isPartOf\":{\"@id\":\"https:\\\/\\\/crastories.ca\\\/fr\\\/#website\"},\"breadcrumb\":{\"@id\":\"https:\\\/\\\/crastories.ca\\\/fr\\\/cart\\\/#breadcrumblist\"},\"datePublished\":\"2023-11-26T13:34:47+00:00\",\"dateModified\":\"2023-11-26T13:34:47+00:00\"},{\"@type\":\"WebSite\",\"@id\":\"https:\\\/\\\/crastories.ca\\\/fr\\\/#website\",\"url\":\"https:\\\/\\\/crastories.ca\\\/fr\\\/\",\"name\":\"crastories.ca\",\"inLanguage\":\"fr-CA\",\"publisher\":{\"@id\":\"https:\\\/\\\/crastories.ca\\\/fr\\\/#organization\"}}]}\n\t\t<\/script>\n\t\t<!-- All in One SEO Pro -->\r\n\t\t<title>Cart - Canada Revenue Agency - Stories of Bullying and Harrassment<\/title>\n\n","aioseo_head_json":{"title":"Cart - Agence du revenu du Canada - Histoires d'intimidation et de harc\u00e8lement","description":"Vous pourriez \u00eatre int\u00e9ress\u00e9 par... Votre panier est actuellement vide ! Nouveau dans le magasin","canonical_url":"https:\/\/crastories.ca\/fr\/cart\/","robots":"noindex, max-image-preview:large","keywords":"","webmasterTools":{"miscellaneous":""},"schema":{"@context":"https:\/\/schema.org","@graph":[{"@type":"BreadcrumbList","@id":"https:\/\/crastories.ca\/fr\/cart\/#breadcrumblist","itemListElement":[{"@type":"ListItem","@id":"https:\/\/crastories.ca\/fr#listItem","position":1,"name":"Home","item":"https:\/\/crastories.ca\/fr","nextItem":{"@type":"ListItem","@id":"https:\/\/crastories.ca\/fr\/cart\/#listItem","name":"Cart"}},{"@type":"ListItem","@id":"https:\/\/crastories.ca\/fr\/cart\/#listItem","position":2,"name":"Cart","previousItem":{"@type":"ListItem","@id":"https:\/\/crastories.ca\/fr#listItem","name":"Home"}}]},{"@type":"Organization","@id":"https:\/\/crastories.ca\/fr\/#organization","name":"crastories.ca","url":"https:\/\/crastories.ca\/fr\/","logo":{"@type":"ImageObject","url":"https:\/\/crastories.ca\/wp-content\/uploads\/2023\/12\/cropped-CRA-Stories-logo-1.png","@id":"https:\/\/crastories.ca\/fr\/cart\/#organizationLogo","width":576,"height":56,"caption":"CRA Stories Is the CRA bullying you?"},"image":{"@id":"https:\/\/crastories.ca\/fr\/cart\/#organizationLogo"}},{"@type":"WebPage","@id":"https:\/\/crastories.ca\/fr\/cart\/#webpage","url":"https:\/\/crastories.ca\/fr\/cart\/","name":"Cart - Canada Revenue Agency - Stories of Bullying and Harrassment","description":"You may be interested in\u2026 Your cart is currently empty! New in store","inLanguage":"fr-CA","isPartOf":{"@id":"https:\/\/crastories.ca\/fr\/#website"},"breadcrumb":{"@id":"https:\/\/crastories.ca\/fr\/cart\/#breadcrumblist"},"datePublished":"2023-11-26T13:34:47+00:00","dateModified":"2023-11-26T13:34:47+00:00"},{"@type":"WebSite","@id":"https:\/\/crastories.ca\/fr\/#website","url":"https:\/\/crastories.ca\/fr\/","name":"crastories.ca","inLanguage":"fr-CA","publisher":{"@id":"https:\/\/crastories.ca\/fr\/#organization"}}]},"og:locale":"fr_CA","og:site_name":"Canada Revenue Agency - Stories of Bullying and Harrassment -","og:type":"article","og:title":"Cart - Canada Revenue Agency - Stories of Bullying and Harrassment","og:description":"You may be interested in\u2026 Your cart is currently empty! New in store","og:url":"https:\/\/crastories.ca\/fr\/cart\/","og:image":"https:\/\/crastories.ca\/wp-content\/uploads\/2023\/12\/cropped-CRA-Stories-logo-1.png","og:image:secure_url":"https:\/\/crastories.ca\/wp-content\/uploads\/2023\/12\/cropped-CRA-Stories-logo-1.png","article:published_time":"2023-11-26T13:34:47+00:00","article:modified_time":"2023-11-26T13:34:47+00:00","twitter:card":"summary_large_image","twitter:title":"Cart - Canada Revenue Agency - Stories of Bullying and Harrassment","twitter:description":"You may be interested in\u2026 Your cart is currently empty! New in store","twitter:image":"https:\/\/crastories.ca\/wp-content\/uploads\/2023\/12\/cropped-CRA-Stories-logo-1.png"},"aioseo_meta_data":{"post_id":"10","title":null,"description":null,"keywords":null,"keyphrases":null,"primary_term":null,"canonical_url":null,"og_title":null,"og_description":null,"og_object_type":"default","og_image_type":"default","og_image_url":null,"og_image_width":null,"og_image_height":null,"og_image_custom_url":null,"og_image_custom_fields":null,"og_video":null,"og_custom_url":null,"og_article_section":null,"og_article_tags":null,"twitter_use_og":false,"twitter_card":"default","twitter_image_type":"default","twitter_image_url":null,"twitter_image_custom_url":null,"twitter_image_custom_fields":null,"twitter_title":null,"twitter_description":null,"schema":{"blockGraphs":[],"customGraphs":[],"default":{"data":{"Article":[],"Course":[],"Dataset":[],"FAQPage":[],"Movie":[],"Person":[],"Product":[],"ProductReview":[],"Car":[],"Recipe":[],"Service":[],"SoftwareApplication":[],"WebPage":[]},"graphName":"","isEnabled":true},"graphs":[]},"schema_type":"default","schema_type_options":null,"pillar_content":false,"robots_default":false,"robots_noindex":true,"robots_noarchive":false,"robots_nosnippet":false,"robots_nofollow":false,"robots_noimageindex":false,"robots_noodp":false,"robots_notranslate":false,"robots_max_snippet":null,"robots_max_videopreview":null,"robots_max_imagepreview":"large","priority":null,"frequency":null,"local_seo":null,"seo_analyzer_scan_date":"2025-08-14 14:14:54","breadcrumb_settings":null,"limit_modified_date":false,"open_ai":null,"ai":null,"created":"2023-11-26 18:26:54","updated":"2025-10-22 02:14:01"},"aioseo_breadcrumb":"<div class=\"aioseo-breadcrumbs\"><span class=\"aioseo-breadcrumb\">\n\t<a href=\"https:\/\/crastories.ca\/fr\" title=\"Home\">Home<\/a>\n<\/span><span class=\"aioseo-breadcrumb-separator\">&raquo;<\/span><span class=\"aioseo-breadcrumb\">\n\tCart\n<\/span><\/div>","aioseo_breadcrumb_json":[{"label":"Home","link":"https:\/\/crastories.ca\/fr"},{"label":"Cart","link":"https:\/\/crastories.ca\/fr\/cart\/"}],"_links":{"self":[{"href":"https:\/\/crastories.ca\/fr\/wp-json\/wp\/v2\/pages\/10","targetHints":{"allow":["GET"]}}],"collection":[{"href":"https:\/\/crastories.ca\/fr\/wp-json\/wp\/v2\/pages"}],"about":[{"href":"https:\/\/crastories.ca\/fr\/wp-json\/wp\/v2\/types\/page"}],"author":[{"embeddable":true,"href":"https:\/\/crastories.ca\/fr\/wp-json\/wp\/v2\/users\/1"}],"replies":[{"embeddable":true,"href":"https:\/\/crastories.ca\/fr\/wp-json\/wp\/v2\/comments?post=10"}],"version-history":[{"count":0,"href":"https:\/\/crastories.ca\/fr\/wp-json\/wp\/v2\/pages\/10\/revisions"}],"wp:attachment":[{"href":"https:\/\/crastories.ca\/fr\/wp-json\/wp\/v2\/media?parent=10"}],"curies":[{"name":"wp","href":"https:\/\/api.w.org\/{rel}","templated":true}]}}